{"id":169,"date":"2026-02-10T12:09:46","date_gmt":"2026-02-10T12:09:46","guid":{"rendered":"https:\/\/pureswiss-cleaning.ch\/?page_id=169"},"modified":"2026-02-10T16:58:21","modified_gmt":"2026-02-10T16:58:21","slug":"about-us","status":"publish","type":"page","link":"https:\/\/pureswiss-cleaning.ch\/?page_id=169","title":{"rendered":"\u00dcber PureSwiss Cleaning"},"content":{"rendered":"\t\t<div data-elementor-type=\"wp-page\" data-elementor-id=\"169\" class=\"elementor elementor-169\">\n\t\t\t\t<div class=\"elementor-element elementor-element-dfc9a06 e-flex e-con-boxed e-con e-parent\" data-id=\"dfc9a06\" data-element_type=\"container\" data-e-type=\"container\" data-settings=\"{&quot;background_background&quot;:&quot;classic&quot;}\">\n\t\t\t\t\t<div class=\"e-con-inner\">\n\t\t<div class=\"elementor-element elementor-element-4f32612 e-con-full e-flex e-con e-child\" data-id=\"4f32612\" data-element_type=\"container\" data-e-type=\"container\">\n\t\t\t\t<div class=\"elementor-element elementor-element-bceab85 elementor-widget elementor-widget-heading\" data-id=\"bceab85\" data-element_type=\"widget\" data-e-type=\"widget\" data-widget_type=\"heading.default\">\n\t\t\t\t\t<h5 class=\"elementor-heading-title elementor-size-default\">\u00dcber PureSwiss Cleaning\n<\/h5>\t\t\t\t<\/div>\n\t\t\t\t<div class=\"elementor-element elementor-element-af75ccb elementor-widget elementor-widget-heading\" data-id=\"af75ccb\" data-element_type=\"widget\" data-e-type=\"widget\" data-widget_type=\"heading.default\">\n\t\t\t\t\t<h2 class=\"elementor-heading-title elementor-size-default\">Wir bringen Frische in Ihr Zuhause<\/h2>\t\t\t\t<\/div>\n\t\t\t\t<div class=\"elementor-element elementor-element-416598a elementor-widget elementor-widget-text-editor\" data-id=\"416598a\" data-element_type=\"widget\" data-e-type=\"widget\" data-widget_type=\"text-editor.default\">\n\t\t\t\t\t\t\t\t\t<p>Unsere Arbeitsweise basiert auf festen Ansprechpartnern, klar definierten Leistungen und regelm\u00e4ssigen Qualit\u00e4tskontrollen.<\/p>\t\t\t\t\t\t\t\t<\/div>\n\t\t<div class=\"elementor-element elementor-element-aa03e3d e-con-full e-flex e-con e-child\" data-id=\"aa03e3d\" data-element_type=\"container\" data-e-type=\"container\">\n\t\t\t\t<div class=\"elementor-element elementor-element-564d69e elementor-widget__width-auto elementor-align-right elementor-widget elementor-widget-button\" data-id=\"564d69e\" data-element_type=\"widget\" data-e-type=\"widget\" data-widget_type=\"button.default\">\n\t\t\t\t\t\t\t\t\t\t<a class=\"elementor-button elementor-button-link elementor-size-sm\" href=\"https:\/\/wa.me\/767361881\">\n\t\t\t\t\t\t<span class=\"elementor-button-content-wrapper\">\n\t\t\t\t\t\t<span class=\"elementor-button-icon\">\n\t\t\t\t<svg aria-hidden=\"true\" class=\"e-font-icon-svg e-fab-whatsapp\" viewBox=\"0 0 448 512\" xmlns=\"http:\/\/www.w3.org\/2000\/svg\"><path d=\"M380.9 97.1C339 55.1 283.2 32 223.9 32c-122.4 0-222 99.6-222 222 0 39.1 10.2 77.3 29.6 111L0 480l117.7-30.9c32.4 17.7 68.9 27 106.1 27h.1c122.3 0 224.1-99.6 224.1-222 0-59.3-25.2-115-67.1-157zm-157 341.6c-33.2 0-65.7-8.9-94-25.7l-6.7-4-69.8 18.3L72 359.2l-4.4-7c-18.5-29.4-28.2-63.3-28.2-98.2 0-101.7 82.8-184.5 184.6-184.5 49.3 0 95.6 19.2 130.4 54.1 34.8 34.9 56.2 81.2 56.1 130.5 0 101.8-84.9 184.6-186.6 184.6zm101.2-138.2c-5.5-2.8-32.8-16.2-37.9-18-5.1-1.9-8.8-2.8-12.5 2.8-3.7 5.6-14.3 18-17.6 21.8-3.2 3.7-6.5 4.2-12 1.4-32.6-16.3-54-29.1-75.5-66-5.7-9.8 5.7-9.1 16.3-30.3 1.8-3.7.9-6.9-.5-9.7-1.4-2.8-12.5-30.1-17.1-41.2-4.5-10.8-9.1-9.3-12.5-9.5-3.2-.2-6.9-.2-10.6-.2-3.7 0-9.7 1.4-14.8 6.9-5.1 5.6-19.4 19-19.4 46.3 0 27.3 19.9 53.7 22.6 57.4 2.8 3.7 39.1 59.7 94.8 83.8 35.2 15.2 49 16.5 66.6 13.9 10.7-1.6 32.8-13.4 37.4-26.4 4.6-13 4.6-24.1 3.2-26.4-1.3-2.5-5-3.9-10.5-6.6z\"><\/path><\/svg>\t\t\t<\/span>\n\t\t\t\t\t\t\t\t\t<span class=\"elementor-button-text\">Jetzt Kontaktieren<\/span>\n\t\t\t\t\t<\/span>\n\t\t\t\t\t<\/a>\n\t\t\t\t\t\t\t\t<\/div>\n\t\t\t\t<div class=\"elementor-element elementor-element-854deaf elementor-widget__width-auto elementor-align-right elementor-widget elementor-widget-button\" data-id=\"854deaf\" data-element_type=\"widget\" data-e-type=\"widget\" data-widget_type=\"button.default\">\n\t\t\t\t\t\t\t\t\t\t<a class=\"elementor-button elementor-button-link elementor-size-sm\" href=\"#\">\n\t\t\t\t\t\t<span class=\"elementor-button-content-wrapper\">\n\t\t\t\t\t\t\t\t\t<span class=\"elementor-button-text\">Mehr Erfahren<\/span>\n\t\t\t\t\t<\/span>\n\t\t\t\t\t<\/a>\n\t\t\t\t\t\t\t\t<\/div>\n\t\t\t\t<\/div>\n\t\t\t\t<\/div>\n\t\t\t\t\t<\/div>\n\t\t\t\t<\/div>\n\t\t<div class=\"elementor-element elementor-element-68ca773 e-flex e-con-boxed e-con e-parent\" data-id=\"68ca773\" data-element_type=\"container\" data-e-type=\"container\" data-settings=\"{&quot;background_background&quot;:&quot;classic&quot;}\">\n\t\t\t\t\t<div class=\"e-con-inner\">\n\t\t<div class=\"elementor-element elementor-element-5f41a01 e-con-full e-flex e-con e-child\" data-id=\"5f41a01\" data-element_type=\"container\" data-e-type=\"container\">\n\t\t\t\t<div class=\"elementor-element elementor-element-54cd6c4 elementor-widget elementor-widget-image\" data-id=\"54cd6c4\" data-element_type=\"widget\" data-e-type=\"widget\" data-widget_type=\"image.default\">\n\t\t\t\t\t\t\t\t\t\t\t\t\t\t\t<img fetchpriority=\"high\" decoding=\"async\" width=\"1000\" height=\"667\" src=\"https:\/\/pureswiss-cleaning.ch\/wp-content\/uploads\/2026\/01\/Professional-office-cleaning-services.jpg.webp\" class=\"attachment-full size-full wp-image-103\" alt=\"\" srcset=\"https:\/\/pureswiss-cleaning.ch\/wp-content\/uploads\/2026\/01\/Professional-office-cleaning-services.jpg.webp 1000w, https:\/\/pureswiss-cleaning.ch\/wp-content\/uploads\/2026\/01\/Professional-office-cleaning-services.jpg-300x200.webp 300w, https:\/\/pureswiss-cleaning.ch\/wp-content\/uploads\/2026\/01\/Professional-office-cleaning-services.jpg-768x512.webp 768w\" sizes=\"(max-width: 1000px) 100vw, 1000px\" \/>\t\t\t\t\t\t\t\t\t\t\t\t\t\t\t<\/div>\n\t\t\t\t<\/div>\n\t\t<div class=\"elementor-element elementor-element-ca047e2 e-con-full e-flex e-con e-child\" data-id=\"ca047e2\" data-element_type=\"container\" data-e-type=\"container\">\n\t\t\t\t<div class=\"elementor-element elementor-element-eeba2e9 elementor-widget elementor-widget-heading\" data-id=\"eeba2e9\" data-element_type=\"widget\" data-e-type=\"widget\" data-widget_type=\"heading.default\">\n\t\t\t\t\t<h2 class=\"elementor-heading-title elementor-size-default\">\u00dcber PureSwiss Cleaning\n<\/h2>\t\t\t\t<\/div>\n\t\t\t\t<div class=\"elementor-element elementor-element-74daa8a elementor-widget elementor-widget-text-editor\" data-id=\"74daa8a\" data-element_type=\"widget\" data-e-type=\"widget\" data-widget_type=\"text-editor.default\">\n\t\t\t\t\t\t\t\t\t<p>PureSwiss Cleaning steht f\u00fcr Schweizer Zuverl\u00e4ssigkeit, klare Abl\u00e4ufe und konstante Qualit\u00e4t.<\/p><p>Wir unterst\u00fctzen Unternehmen, Verwaltungen, Immobilienentwickler sowie Privatkunden mit professionellen Reinigungs- und Hauswartungsdienstleistungen.<\/p><p>Unser Fokus liegt auf langfristiger Zusammenarbeit, transparenter Kommunikation und sauber ausgef\u00fchrten Arbeiten.<\/p>\t\t\t\t\t\t\t\t<\/div>\n\t\t\t\t<\/div>\n\t\t\t\t\t<\/div>\n\t\t\t\t<\/div>\n\t\t<div class=\"elementor-element elementor-element-adac303 e-flex e-con-boxed e-con e-parent\" data-id=\"adac303\" data-element_type=\"container\" data-e-type=\"container\">\n\t\t\t\t\t<div class=\"e-con-inner\">\n\t\t<div class=\"elementor-element elementor-element-6abaf2a e-con-full e-flex e-con e-child\" data-id=\"6abaf2a\" data-element_type=\"container\" data-e-type=\"container\">\n\t\t\t\t<div class=\"elementor-element elementor-element-f5b5304 elementor-widget elementor-widget-heading\" data-id=\"f5b5304\" data-element_type=\"widget\" data-e-type=\"widget\" data-widget_type=\"heading.default\">\n\t\t\t\t\t<h2 class=\"elementor-heading-title elementor-size-default\">Unsere Werte f\u00fcr exzellente Reinigung<\/h2>\t\t\t\t<\/div>\n\t\t\t\t<\/div>\n\t\t<div class=\"elementor-element elementor-element-186695b e-con-full e-flex e-con e-child\" data-id=\"186695b\" data-element_type=\"container\" data-e-type=\"container\">\n\t\t\t\t<div class=\"elementor-element elementor-element-7e36291 elementor-widget elementor-widget-text-editor\" data-id=\"7e36291\" data-element_type=\"widget\" data-e-type=\"widget\" data-widget_type=\"text-editor.default\">\n\t\t\t\t\t\t\t\t\t<p>Unsere Grundwerte spiegeln unser Engagement f\u00fcr Sauberkeit und Kundenzufriedenheit wider. Wir setzen auf transparente Arbeitsweise, Professionalit\u00e4t und Effizienz. Jeder Kunde steht f\u00fcr uns im Mittelpunkt, und wir streben danach, stets die besten Resultate zu liefern.<\/p>\t\t\t\t\t\t\t\t<\/div>\n\t\t\t\t<\/div>\n\t\t\t\t\t<\/div>\n\t\t\t\t<\/div>\n\t\t<div class=\"elementor-element elementor-element-4d6dc43 e-flex e-con-boxed e-con e-parent\" data-id=\"4d6dc43\" data-element_type=\"container\" data-e-type=\"container\" data-settings=\"{&quot;background_background&quot;:&quot;classic&quot;}\">\n\t\t\t\t\t<div class=\"e-con-inner\">\n\t\t<div class=\"elementor-element elementor-element-3661c81 e-con-full e-flex e-con e-child\" data-id=\"3661c81\" data-element_type=\"container\" data-e-type=\"container\">\n\t\t\t\t<div class=\"elementor-element elementor-element-1f46196 elementor-widget elementor-widget-heading\" data-id=\"1f46196\" data-element_type=\"widget\" data-e-type=\"widget\" data-widget_type=\"heading.default\">\n\t\t\t\t\t<h2 class=\"elementor-heading-title elementor-size-default\">Kontaktieren Sie uns f\u00fcr Ihre Reinigungsbed\u00fcrfnisse<\/h2>\t\t\t\t<\/div>\n\t\t\t\t<div class=\"elementor-element elementor-element-39bd98e elementor-widget elementor-widget-text-editor\" data-id=\"39bd98e\" data-element_type=\"widget\" data-e-type=\"widget\" data-widget_type=\"text-editor.default\">\n\t\t\t\t\t\t\t\t\t<p>Wir bieten professionelle Reinigungsdienstleistungen f\u00fcr Haushalte und B\u00fcros an. Ob Sie Unterst\u00fctzung bei der Reinigung ben\u00f6tigen oder mehr Informationen \u00fcber unsere Services w\u00fcnschen, wir freuen uns auf Ihre Anfrage!<\/p>\t\t\t\t\t\t\t\t<\/div>\n\t\t\t\t<div class=\"elementor-element elementor-element-00450ba elementor-widget elementor-widget-form\" data-id=\"00450ba\" data-element_type=\"widget\" data-e-type=\"widget\" data-widget_type=\"form.default\">\n\t\t\t\t<div class=\"elementor-widget-container\">\n\t\t\t\t\t \t\t\t\t<\/div>\n\t\t\t\t<\/div>\n\t\t\t\t<div class=\"elementor-element elementor-element-1033863 elementor-align-center elementor-widget elementor-widget-button\" data-id=\"1033863\" data-element_type=\"widget\" data-e-type=\"widget\" data-widget_type=\"button.default\">\n\t\t\t\t\t\t\t\t\t\t<a class=\"elementor-button elementor-button-link elementor-size-sm\" href=\"https:\/\/wa.me\/767361881\">\n\t\t\t\t\t\t<span class=\"elementor-button-content-wrapper\">\n\t\t\t\t\t\t<span class=\"elementor-button-icon\">\n\t\t\t\t<svg aria-hidden=\"true\" class=\"e-font-icon-svg e-fab-whatsapp\" viewBox=\"0 0 448 512\" xmlns=\"http:\/\/www.w3.org\/2000\/svg\"><path d=\"M380.9 97.1C339 55.1 283.2 32 223.9 32c-122.4 0-222 99.6-222 222 0 39.1 10.2 77.3 29.6 111L0 480l117.7-30.9c32.4 17.7 68.9 27 106.1 27h.1c122.3 0 224.1-99.6 224.1-222 0-59.3-25.2-115-67.1-157zm-157 341.6c-33.2 0-65.7-8.9-94-25.7l-6.7-4-69.8 18.3L72 359.2l-4.4-7c-18.5-29.4-28.2-63.3-28.2-98.2 0-101.7 82.8-184.5 184.6-184.5 49.3 0 95.6 19.2 130.4 54.1 34.8 34.9 56.2 81.2 56.1 130.5 0 101.8-84.9 184.6-186.6 184.6zm101.2-138.2c-5.5-2.8-32.8-16.2-37.9-18-5.1-1.9-8.8-2.8-12.5 2.8-3.7 5.6-14.3 18-17.6 21.8-3.2 3.7-6.5 4.2-12 1.4-32.6-16.3-54-29.1-75.5-66-5.7-9.8 5.7-9.1 16.3-30.3 1.8-3.7.9-6.9-.5-9.7-1.4-2.8-12.5-30.1-17.1-41.2-4.5-10.8-9.1-9.3-12.5-9.5-3.2-.2-6.9-.2-10.6-.2-3.7 0-9.7 1.4-14.8 6.9-5.1 5.6-19.4 19-19.4 46.3 0 27.3 19.9 53.7 22.6 57.4 2.8 3.7 39.1 59.7 94.8 83.8 35.2 15.2 49 16.5 66.6 13.9 10.7-1.6 32.8-13.4 37.4-26.4 4.6-13 4.6-24.1 3.2-26.4-1.3-2.5-5-3.9-10.5-6.6z\"><\/path><\/svg>\t\t\t<\/span>\n\t\t\t\t\t\t\t\t\t<span class=\"elementor-button-text\">Kontaktaufnahme<\/span>\n\t\t\t\t\t<\/span>\n\t\t\t\t\t<\/a>\n\t\t\t\t\t\t\t\t<\/div>\n\t\t\t\t<\/div>\n\t\t\t\t\t<\/div>\n\t\t\t\t<\/div>\n\t\t\t\t<\/div>\n\t\t","protected":false},"excerpt":{"rendered":"<p>\u00dcber PureSwiss Cleaning Wir bringen Frische in Ihr Zuhause Unsere Arbeitsweise basiert auf festen Ansprechpartnern, klar definierten Leistungen und regelm\u00e4ssigen Qualit\u00e4tskontrollen. Jetzt Kontaktieren Mehr Erfahren \u00dcber PureSwiss Cleaning PureSwiss Cleaning steht f\u00fcr Schweizer Zuverl\u00e4ssigkeit, klare Abl\u00e4ufe und konstante Qualit\u00e4t. Wir unterst\u00fctzen Unternehmen, Verwaltungen, Immobilienentwickler sowie Privatkunden mit professionellen Reinigungs- und Hauswartungsdienstleistungen. Unser Fokus liegt auf [&hellip;]<\/p>\n","protected":false},"author":1,"featured_media":0,"parent":0,"menu_order":0,"comment_status":"closed","ping_status":"closed","template":"","meta":{"footnotes":""},"class_list":["post-169","page","type-page","status-publish","hentry"],"yoast_head":"<!-- This site is optimized with the Yoast SEO plugin v26.8 - https:\/\/yoast.com\/product\/yoast-seo-wordpress\/ -->\n<title>\u00dcber PureSwiss Cleaning - Pureswiss-Cleaning<\/title>\n<meta name=\"robots\" content=\"index, follow, max-snippet:-1, max-image-preview:large, max-video-preview:-1\" \/>\n<link rel=\"canonical\" href=\"https:\/\/pureswiss-cleaning.ch\/?page_id=169\" \/>\n<meta property=\"og:locale\" content=\"de_DE\" \/>\n<meta property=\"og:type\" content=\"article\" \/>\n<meta property=\"og:title\" content=\"\u00dcber PureSwiss Cleaning - Pureswiss-Cleaning\" \/>\n<meta property=\"og:description\" content=\"\u00dcber PureSwiss Cleaning Wir bringen Frische in Ihr Zuhause Unsere Arbeitsweise basiert auf festen Ansprechpartnern, klar definierten Leistungen und regelm\u00e4ssigen Qualit\u00e4tskontrollen. Jetzt Kontaktieren Mehr Erfahren \u00dcber PureSwiss Cleaning PureSwiss Cleaning steht f\u00fcr Schweizer Zuverl\u00e4ssigkeit, klare Abl\u00e4ufe und konstante Qualit\u00e4t. Wir unterst\u00fctzen Unternehmen, Verwaltungen, Immobilienentwickler sowie Privatkunden mit professionellen Reinigungs- und Hauswartungsdienstleistungen. Unser Fokus liegt auf [&hellip;]\" \/>\n<meta property=\"og:url\" content=\"https:\/\/pureswiss-cleaning.ch\/?page_id=169\" \/>\n<meta property=\"og:site_name\" content=\"Pureswiss-Cleaning\" \/>\n<meta property=\"article:modified_time\" content=\"2026-02-10T16:58:21+00:00\" \/>\n<meta property=\"og:image\" content=\"https:\/\/pureswiss-cleaning.ch\/wp-content\/uploads\/2026\/01\/Professional-office-cleaning-services.jpg.webp\" \/>\n\t<meta property=\"og:image:width\" content=\"1000\" \/>\n\t<meta property=\"og:image:height\" content=\"667\" \/>\n\t<meta property=\"og:image:type\" content=\"image\/webp\" \/>\n<meta name=\"twitter:card\" content=\"summary_large_image\" \/>\n<meta name=\"twitter:label1\" content=\"Gesch\u00e4tzte Lesezeit\" \/>\n\t<meta name=\"twitter:data1\" content=\"1\u00a0Minute\" \/>\n<script type=\"application\/ld+json\" class=\"yoast-schema-graph\">{\"@context\":\"https:\/\/schema.org\",\"@graph\":[{\"@type\":\"WebPage\",\"@id\":\"https:\/\/pureswiss-cleaning.ch\/?page_id=169\",\"url\":\"https:\/\/pureswiss-cleaning.ch\/?page_id=169\",\"name\":\"\u00dcber PureSwiss Cleaning - Pureswiss-Cleaning\",\"isPartOf\":{\"@id\":\"https:\/\/pureswiss-cleaning.ch\/#website\"},\"primaryImageOfPage\":{\"@id\":\"https:\/\/pureswiss-cleaning.ch\/?page_id=169#primaryimage\"},\"image\":{\"@id\":\"https:\/\/pureswiss-cleaning.ch\/?page_id=169#primaryimage\"},\"thumbnailUrl\":\"https:\/\/pureswiss-cleaning.ch\/wp-content\/uploads\/2026\/01\/Professional-office-cleaning-services.jpg.webp\",\"datePublished\":\"2026-02-10T12:09:46+00:00\",\"dateModified\":\"2026-02-10T16:58:21+00:00\",\"breadcrumb\":{\"@id\":\"https:\/\/pureswiss-cleaning.ch\/?page_id=169#breadcrumb\"},\"inLanguage\":\"de\",\"potentialAction\":[{\"@type\":\"ReadAction\",\"target\":[\"https:\/\/pureswiss-cleaning.ch\/?page_id=169\"]}]},{\"@type\":\"ImageObject\",\"inLanguage\":\"de\",\"@id\":\"https:\/\/pureswiss-cleaning.ch\/?page_id=169#primaryimage\",\"url\":\"https:\/\/pureswiss-cleaning.ch\/wp-content\/uploads\/2026\/01\/Professional-office-cleaning-services.jpg.webp\",\"contentUrl\":\"https:\/\/pureswiss-cleaning.ch\/wp-content\/uploads\/2026\/01\/Professional-office-cleaning-services.jpg.webp\",\"width\":1000,\"height\":667},{\"@type\":\"BreadcrumbList\",\"@id\":\"https:\/\/pureswiss-cleaning.ch\/?page_id=169#breadcrumb\",\"itemListElement\":[{\"@type\":\"ListItem\",\"position\":1,\"name\":\"Start\",\"item\":\"https:\/\/pureswiss-cleaning.ch\/\"},{\"@type\":\"ListItem\",\"position\":2,\"name\":\"\u00dcber PureSwiss Cleaning\"}]},{\"@type\":\"WebSite\",\"@id\":\"https:\/\/pureswiss-cleaning.ch\/#website\",\"url\":\"https:\/\/pureswiss-cleaning.ch\/\",\"name\":\"Pureswiss-Cleaning\",\"description\":\"Professionelle Reinigungs- und Hauswartungsdienste f\u00fcr Wohn- und Gewerbeimmobilien\",\"publisher\":{\"@id\":\"https:\/\/pureswiss-cleaning.ch\/#organization\"},\"potentialAction\":[{\"@type\":\"SearchAction\",\"target\":{\"@type\":\"EntryPoint\",\"urlTemplate\":\"https:\/\/pureswiss-cleaning.ch\/?s={search_term_string}\"},\"query-input\":{\"@type\":\"PropertyValueSpecification\",\"valueRequired\":true,\"valueName\":\"search_term_string\"}}],\"inLanguage\":\"de\"},{\"@type\":\"Organization\",\"@id\":\"https:\/\/pureswiss-cleaning.ch\/#organization\",\"name\":\"Pureswiss-Cleaning\",\"url\":\"https:\/\/pureswiss-cleaning.ch\/\",\"logo\":{\"@type\":\"ImageObject\",\"inLanguage\":\"de\",\"@id\":\"https:\/\/pureswiss-cleaning.ch\/#\/schema\/logo\/image\/\",\"url\":\"https:\/\/pureswiss-cleaning.ch\/wp-content\/uploads\/2026\/01\/cropped-pureswiss-logo-2.png-2.webp\",\"contentUrl\":\"https:\/\/pureswiss-cleaning.ch\/wp-content\/uploads\/2026\/01\/cropped-pureswiss-logo-2.png-2.webp\",\"width\":333,\"height\":95,\"caption\":\"Pureswiss-Cleaning\"},\"image\":{\"@id\":\"https:\/\/pureswiss-cleaning.ch\/#\/schema\/logo\/image\/\"}}]}<\/script>\n<!-- \/ Yoast SEO plugin. -->","yoast_head_json":{"title":"\u00dcber PureSwiss Cleaning - Pureswiss-Cleaning","robots":{"index":"index","follow":"follow","max-snippet":"max-snippet:-1","max-image-preview":"max-image-preview:large","max-video-preview":"max-video-preview:-1"},"canonical":"https:\/\/pureswiss-cleaning.ch\/?page_id=169","og_locale":"de_DE","og_type":"article","og_title":"\u00dcber PureSwiss Cleaning - Pureswiss-Cleaning","og_description":"\u00dcber PureSwiss Cleaning Wir bringen Frische in Ihr Zuhause Unsere Arbeitsweise basiert auf festen Ansprechpartnern, klar definierten Leistungen und regelm\u00e4ssigen Qualit\u00e4tskontrollen. Jetzt Kontaktieren Mehr Erfahren \u00dcber PureSwiss Cleaning PureSwiss Cleaning steht f\u00fcr Schweizer Zuverl\u00e4ssigkeit, klare Abl\u00e4ufe und konstante Qualit\u00e4t. Wir unterst\u00fctzen Unternehmen, Verwaltungen, Immobilienentwickler sowie Privatkunden mit professionellen Reinigungs- und Hauswartungsdienstleistungen. Unser Fokus liegt auf [&hellip;]","og_url":"https:\/\/pureswiss-cleaning.ch\/?page_id=169","og_site_name":"Pureswiss-Cleaning","article_modified_time":"2026-02-10T16:58:21+00:00","og_image":[{"width":1000,"height":667,"url":"https:\/\/pureswiss-cleaning.ch\/wp-content\/uploads\/2026\/01\/Professional-office-cleaning-services.jpg.webp","type":"image\/webp"}],"twitter_card":"summary_large_image","twitter_misc":{"Gesch\u00e4tzte Lesezeit":"1\u00a0Minute"},"schema":{"@context":"https:\/\/schema.org","@graph":[{"@type":"WebPage","@id":"https:\/\/pureswiss-cleaning.ch\/?page_id=169","url":"https:\/\/pureswiss-cleaning.ch\/?page_id=169","name":"\u00dcber PureSwiss Cleaning - Pureswiss-Cleaning","isPartOf":{"@id":"https:\/\/pureswiss-cleaning.ch\/#website"},"primaryImageOfPage":{"@id":"https:\/\/pureswiss-cleaning.ch\/?page_id=169#primaryimage"},"image":{"@id":"https:\/\/pureswiss-cleaning.ch\/?page_id=169#primaryimage"},"thumbnailUrl":"https:\/\/pureswiss-cleaning.ch\/wp-content\/uploads\/2026\/01\/Professional-office-cleaning-services.jpg.webp","datePublished":"2026-02-10T12:09:46+00:00","dateModified":"2026-02-10T16:58:21+00:00","breadcrumb":{"@id":"https:\/\/pureswiss-cleaning.ch\/?page_id=169#breadcrumb"},"inLanguage":"de","potentialAction":[{"@type":"ReadAction","target":["https:\/\/pureswiss-cleaning.ch\/?page_id=169"]}]},{"@type":"ImageObject","inLanguage":"de","@id":"https:\/\/pureswiss-cleaning.ch\/?page_id=169#primaryimage","url":"https:\/\/pureswiss-cleaning.ch\/wp-content\/uploads\/2026\/01\/Professional-office-cleaning-services.jpg.webp","contentUrl":"https:\/\/pureswiss-cleaning.ch\/wp-content\/uploads\/2026\/01\/Professional-office-cleaning-services.jpg.webp","width":1000,"height":667},{"@type":"BreadcrumbList","@id":"https:\/\/pureswiss-cleaning.ch\/?page_id=169#breadcrumb","itemListElement":[{"@type":"ListItem","position":1,"name":"Start","item":"https:\/\/pureswiss-cleaning.ch\/"},{"@type":"ListItem","position":2,"name":"\u00dcber PureSwiss Cleaning"}]},{"@type":"WebSite","@id":"https:\/\/pureswiss-cleaning.ch\/#website","url":"https:\/\/pureswiss-cleaning.ch\/","name":"Pureswiss-Cleaning","description":"Professionelle Reinigungs- und Hauswartungsdienste f\u00fcr Wohn- und Gewerbeimmobilien","publisher":{"@id":"https:\/\/pureswiss-cleaning.ch\/#organization"},"potentialAction":[{"@type":"SearchAction","target":{"@type":"EntryPoint","urlTemplate":"https:\/\/pureswiss-cleaning.ch\/?s={search_term_string}"},"query-input":{"@type":"PropertyValueSpecification","valueRequired":true,"valueName":"search_term_string"}}],"inLanguage":"de"},{"@type":"Organization","@id":"https:\/\/pureswiss-cleaning.ch\/#organization","name":"Pureswiss-Cleaning","url":"https:\/\/pureswiss-cleaning.ch\/","logo":{"@type":"ImageObject","inLanguage":"de","@id":"https:\/\/pureswiss-cleaning.ch\/#\/schema\/logo\/image\/","url":"https:\/\/pureswiss-cleaning.ch\/wp-content\/uploads\/2026\/01\/cropped-pureswiss-logo-2.png-2.webp","contentUrl":"https:\/\/pureswiss-cleaning.ch\/wp-content\/uploads\/2026\/01\/cropped-pureswiss-logo-2.png-2.webp","width":333,"height":95,"caption":"Pureswiss-Cleaning"},"image":{"@id":"https:\/\/pureswiss-cleaning.ch\/#\/schema\/logo\/image\/"}}]}},"_links":{"self":[{"href":"https:\/\/pureswiss-cleaning.ch\/index.php?rest_route=\/wp\/v2\/pages\/169","targetHints":{"allow":["GET"]}}],"collection":[{"href":"https:\/\/pureswiss-cleaning.ch\/index.php?rest_route=\/wp\/v2\/pages"}],"about":[{"href":"https:\/\/pureswiss-cleaning.ch\/index.php?rest_route=\/wp\/v2\/types\/page"}],"author":[{"embeddable":true,"href":"https:\/\/pureswiss-cleaning.ch\/index.php?rest_route=\/wp\/v2\/users\/1"}],"replies":[{"embeddable":true,"href":"https:\/\/pureswiss-cleaning.ch\/index.php?rest_route=%2Fwp%2Fv2%2Fcomments&post=169"}],"version-history":[{"count":12,"href":"https:\/\/pureswiss-cleaning.ch\/index.php?rest_route=\/wp\/v2\/pages\/169\/revisions"}],"predecessor-version":[{"id":326,"href":"https:\/\/pureswiss-cleaning.ch\/index.php?rest_route=\/wp\/v2\/pages\/169\/revisions\/326"}],"wp:attachment":[{"href":"https:\/\/pureswiss-cleaning.ch\/index.php?rest_route=%2Fwp%2Fv2%2Fmedia&parent=169"}],"curies":[{"name":"wp","href":"https:\/\/api.w.org\/{rel}","templated":true}]}}